{"id":1718,"date":"2025-02-12T09:46:25","date_gmt":"2025-02-12T14:46:25","guid":{"rendered":"http:\/\/localhost:10176\/page-datterrissage\/"},"modified":"2025-09-09T13:06:53","modified_gmt":"2025-09-09T17:06:53","slug":"demander-une-demo","status":"publish","type":"page","link":"https:\/\/wealthwriteup.com\/fr\/demander-une-demo\/","title":{"rendered":"Page d&rsquo;atterrissage"},"content":{"rendered":"","protected":false},"excerpt":{"rendered":"<p> [&#8230;]<\/p>\n<p><a class=\"btn btn-secondary understrap-read-more-link\" href=\"https:\/\/wealthwriteup.com\/fr\/demander-une-demo\/\">Lire la suite\u2026<span class=\"screen-reader-text\"> from Page d&rsquo;atterrissage<\/span><\/a><\/p>\n","protected":false},"author":1,"featured_media":0,"parent":0,"menu_order":0,"comment_status":"closed","ping_status":"closed","template":"template-landing-page.php","meta":{"_acf_changed":true,"inline_featured_image":false,"footnotes":""},"class_list":["post-1718","page","type-page","status-publish","hentry"],"acf":[],"yoast_head":"<!-- This site is optimized with the Yoast SEO Premium plugin v27.4 (Yoast SEO v27.5) - https:\/\/yoast.com\/product\/yoast-seo-premium-wordpress\/ -->\n<title>Logiciel de comptabilit\u00e9 de portefeuille d&#039;investissement Wealth Write.up - Planifiez une d\u00e9monstration<\/title>\n<meta name=\"description\" content=\"La comptabilit\u00e9 d&#039;investissement complexe, simplifi\u00e9e. Depuis 25 ans, nous fournissons des logiciels de comptabilit\u00e9 de portefeuille d&#039;actions aux cabinets de services professionnels, aux bureaux familiaux, aux soci\u00e9t\u00e9s et aux soci\u00e9t\u00e9s de portefeuille du Canada.\" \/>\n<meta name=\"robots\" content=\"index, follow, max-snippet:-1, max-image-preview:large, max-video-preview:-1\" \/>\n<link rel=\"canonical\" href=\"https:\/\/wealthwriteup.com\/fr\/demander-une-demo\/\" \/>\n<meta property=\"og:locale\" content=\"fr_FR\" \/>\n<meta property=\"og:type\" content=\"article\" \/>\n<meta property=\"og:title\" content=\"Page d&#039;atterrissage\" \/>\n<meta property=\"og:description\" content=\"La comptabilit\u00e9 d&#039;investissement complexe, simplifi\u00e9e. Depuis 25 ans, nous fournissons des logiciels de comptabilit\u00e9 de portefeuille d&#039;actions aux cabinets de services professionnels, aux bureaux familiaux, aux soci\u00e9t\u00e9s et aux soci\u00e9t\u00e9s de portefeuille du Canada.\" \/>\n<meta property=\"og:url\" content=\"https:\/\/wealthwriteup.com\/fr\/demander-une-demo\/\" \/>\n<meta property=\"og:site_name\" content=\"Wealth Write.Up\" \/>\n<meta property=\"article:modified_time\" content=\"2025-09-09T17:06:53+00:00\" \/>\n<meta name=\"twitter:card\" content=\"summary_large_image\" \/>\n<script type=\"application\/ld+json\" class=\"yoast-schema-graph\">{\"@context\":\"https:\\\/\\\/schema.org\",\"@graph\":[{\"@type\":\"WebPage\",\"@id\":\"https:\\\/\\\/wealthwriteup.com\\\/fr\\\/demander-une-demo\\\/\",\"url\":\"https:\\\/\\\/wealthwriteup.com\\\/fr\\\/demander-une-demo\\\/\",\"name\":\"Logiciel de comptabilit\u00e9 de portefeuille d'investissement Wealth Write.up - Planifiez une d\u00e9monstration\",\"isPartOf\":{\"@id\":\"https:\\\/\\\/wealthwriteup.com\\\/fr\\\/#website\"},\"datePublished\":\"2025-02-12T14:46:25+00:00\",\"dateModified\":\"2025-09-09T17:06:53+00:00\",\"description\":\"La comptabilit\u00e9 d'investissement complexe, simplifi\u00e9e. Depuis 25 ans, nous fournissons des logiciels de comptabilit\u00e9 de portefeuille d'actions aux cabinets de services professionnels, aux bureaux familiaux, aux soci\u00e9t\u00e9s et aux soci\u00e9t\u00e9s de portefeuille du Canada.\",\"breadcrumb\":{\"@id\":\"https:\\\/\\\/wealthwriteup.com\\\/fr\\\/demander-une-demo\\\/#breadcrumb\"},\"inLanguage\":\"fr-FR\",\"potentialAction\":[{\"@type\":\"ReadAction\",\"target\":[\"https:\\\/\\\/wealthwriteup.com\\\/fr\\\/demander-une-demo\\\/\"]}]},{\"@type\":\"BreadcrumbList\",\"@id\":\"https:\\\/\\\/wealthwriteup.com\\\/fr\\\/demander-une-demo\\\/#breadcrumb\",\"itemListElement\":[{\"@type\":\"ListItem\",\"position\":1,\"name\":\"Home\",\"item\":\"http:\\\/\\\/wealthwriteup.com\\\/fr\\\/\"},{\"@type\":\"ListItem\",\"position\":2,\"name\":\"Page d&rsquo;atterrissage\"}]},{\"@type\":\"WebSite\",\"@id\":\"https:\\\/\\\/wealthwriteup.com\\\/fr\\\/#website\",\"url\":\"https:\\\/\\\/wealthwriteup.com\\\/fr\\\/\",\"name\":\"Wealth Write.Up\",\"description\":\"Investment Accounting Software\",\"publisher\":{\"@id\":\"https:\\\/\\\/wealthwriteup.com\\\/fr\\\/#organization\"},\"potentialAction\":[{\"@type\":\"SearchAction\",\"target\":{\"@type\":\"EntryPoint\",\"urlTemplate\":\"https:\\\/\\\/wealthwriteup.com\\\/fr\\\/?s={search_term_string}\"},\"query-input\":{\"@type\":\"PropertyValueSpecification\",\"valueRequired\":true,\"valueName\":\"search_term_string\"}}],\"inLanguage\":\"fr-FR\"},{\"@type\":\"Organization\",\"@id\":\"https:\\\/\\\/wealthwriteup.com\\\/fr\\\/#organization\",\"name\":\"Wealth Write.Up\",\"alternateName\":\"Wealth Write-Up\",\"url\":\"https:\\\/\\\/wealthwriteup.com\\\/fr\\\/\",\"logo\":{\"@type\":\"ImageObject\",\"inLanguage\":\"fr-FR\",\"@id\":\"https:\\\/\\\/wealthwriteup.com\\\/fr\\\/#\\\/schema\\\/logo\\\/image\\\/\",\"url\":\"https:\\\/\\\/wealthwriteup.com\\\/wp-content\\\/uploads\\\/2024\\\/03\\\/wealthwriteup-logo.png\",\"contentUrl\":\"https:\\\/\\\/wealthwriteup.com\\\/wp-content\\\/uploads\\\/2024\\\/03\\\/wealthwriteup-logo.png\",\"width\":800,\"height\":344,\"caption\":\"Wealth Write.Up\"},\"image\":{\"@id\":\"https:\\\/\\\/wealthwriteup.com\\\/fr\\\/#\\\/schema\\\/logo\\\/image\\\/\"},\"sameAs\":[\"http:\\\/\\\/linkedin.com\\\/company\\\/wealth-write-up\\\/\"],\"description\":\"Provider of Investment Accounting software to Professional Services firms, Corporations, and Family Offices for over 25 years.\",\"email\":\"info@wealthwriteup.com\",\"telephone\":\"514-312-7656\",\"legalName\":\"Wealth Write-Up Inc\",\"foundingDate\":\"2001-07-23\",\"numberOfEmployees\":{\"@type\":\"QuantitativeValue\",\"minValue\":\"11\",\"maxValue\":\"50\"}}]}<\/script>\n<!-- \/ Yoast SEO Premium plugin. -->","yoast_head_json":{"title":"Logiciel de comptabilit\u00e9 de portefeuille d'investissement Wealth Write.up - Planifiez une d\u00e9monstration","description":"La comptabilit\u00e9 d'investissement complexe, simplifi\u00e9e. Depuis 25 ans, nous fournissons des logiciels de comptabilit\u00e9 de portefeuille d'actions aux cabinets de services professionnels, aux bureaux familiaux, aux soci\u00e9t\u00e9s et aux soci\u00e9t\u00e9s de portefeuille du Canada.","robots":{"index":"index","follow":"follow","max-snippet":"max-snippet:-1","max-image-preview":"max-image-preview:large","max-video-preview":"max-video-preview:-1"},"canonical":"https:\/\/wealthwriteup.com\/fr\/demander-une-demo\/","og_locale":"fr_FR","og_type":"article","og_title":"Page d'atterrissage","og_description":"La comptabilit\u00e9 d'investissement complexe, simplifi\u00e9e. Depuis 25 ans, nous fournissons des logiciels de comptabilit\u00e9 de portefeuille d'actions aux cabinets de services professionnels, aux bureaux familiaux, aux soci\u00e9t\u00e9s et aux soci\u00e9t\u00e9s de portefeuille du Canada.","og_url":"https:\/\/wealthwriteup.com\/fr\/demander-une-demo\/","og_site_name":"Wealth Write.Up","article_modified_time":"2025-09-09T17:06:53+00:00","twitter_card":"summary_large_image","schema":{"@context":"https:\/\/schema.org","@graph":[{"@type":"WebPage","@id":"https:\/\/wealthwriteup.com\/fr\/demander-une-demo\/","url":"https:\/\/wealthwriteup.com\/fr\/demander-une-demo\/","name":"Logiciel de comptabilit\u00e9 de portefeuille d'investissement Wealth Write.up - Planifiez une d\u00e9monstration","isPartOf":{"@id":"https:\/\/wealthwriteup.com\/fr\/#website"},"datePublished":"2025-02-12T14:46:25+00:00","dateModified":"2025-09-09T17:06:53+00:00","description":"La comptabilit\u00e9 d'investissement complexe, simplifi\u00e9e. Depuis 25 ans, nous fournissons des logiciels de comptabilit\u00e9 de portefeuille d'actions aux cabinets de services professionnels, aux bureaux familiaux, aux soci\u00e9t\u00e9s et aux soci\u00e9t\u00e9s de portefeuille du Canada.","breadcrumb":{"@id":"https:\/\/wealthwriteup.com\/fr\/demander-une-demo\/#breadcrumb"},"inLanguage":"fr-FR","potentialAction":[{"@type":"ReadAction","target":["https:\/\/wealthwriteup.com\/fr\/demander-une-demo\/"]}]},{"@type":"BreadcrumbList","@id":"https:\/\/wealthwriteup.com\/fr\/demander-une-demo\/#breadcrumb","itemListElement":[{"@type":"ListItem","position":1,"name":"Home","item":"http:\/\/wealthwriteup.com\/fr\/"},{"@type":"ListItem","position":2,"name":"Page d&rsquo;atterrissage"}]},{"@type":"WebSite","@id":"https:\/\/wealthwriteup.com\/fr\/#website","url":"https:\/\/wealthwriteup.com\/fr\/","name":"Wealth Write.Up","description":"Investment Accounting Software","publisher":{"@id":"https:\/\/wealthwriteup.com\/fr\/#organization"},"potentialAction":[{"@type":"SearchAction","target":{"@type":"EntryPoint","urlTemplate":"https:\/\/wealthwriteup.com\/fr\/?s={search_term_string}"},"query-input":{"@type":"PropertyValueSpecification","valueRequired":true,"valueName":"search_term_string"}}],"inLanguage":"fr-FR"},{"@type":"Organization","@id":"https:\/\/wealthwriteup.com\/fr\/#organization","name":"Wealth Write.Up","alternateName":"Wealth Write-Up","url":"https:\/\/wealthwriteup.com\/fr\/","logo":{"@type":"ImageObject","inLanguage":"fr-FR","@id":"https:\/\/wealthwriteup.com\/fr\/#\/schema\/logo\/image\/","url":"https:\/\/wealthwriteup.com\/wp-content\/uploads\/2024\/03\/wealthwriteup-logo.png","contentUrl":"https:\/\/wealthwriteup.com\/wp-content\/uploads\/2024\/03\/wealthwriteup-logo.png","width":800,"height":344,"caption":"Wealth Write.Up"},"image":{"@id":"https:\/\/wealthwriteup.com\/fr\/#\/schema\/logo\/image\/"},"sameAs":["http:\/\/linkedin.com\/company\/wealth-write-up\/"],"description":"Provider of Investment Accounting software to Professional Services firms, Corporations, and Family Offices for over 25 years.","email":"info@wealthwriteup.com","telephone":"514-312-7656","legalName":"Wealth Write-Up Inc","foundingDate":"2001-07-23","numberOfEmployees":{"@type":"QuantitativeValue","minValue":"11","maxValue":"50"}}]}},"_links":{"self":[{"href":"https:\/\/wealthwriteup.com\/fr\/wp-json\/wp\/v2\/pages\/1718","targetHints":{"allow":["GET"]}}],"collection":[{"href":"https:\/\/wealthwriteup.com\/fr\/wp-json\/wp\/v2\/pages"}],"about":[{"href":"https:\/\/wealthwriteup.com\/fr\/wp-json\/wp\/v2\/types\/page"}],"author":[{"embeddable":true,"href":"https:\/\/wealthwriteup.com\/fr\/wp-json\/wp\/v2\/users\/1"}],"replies":[{"embeddable":true,"href":"https:\/\/wealthwriteup.com\/fr\/wp-json\/wp\/v2\/comments?post=1718"}],"version-history":[{"count":0,"href":"https:\/\/wealthwriteup.com\/fr\/wp-json\/wp\/v2\/pages\/1718\/revisions"}],"wp:attachment":[{"href":"https:\/\/wealthwriteup.com\/fr\/wp-json\/wp\/v2\/media?parent=1718"}],"curies":[{"name":"wp","href":"https:\/\/api.w.org\/{rel}","templated":true}]}}